{"id":37393,"date":"2026-03-13T20:26:03","date_gmt":"2026-03-14T01:26:03","guid":{"rendered":"https:\/\/inmaya.qroo.gob.mx\/?page_id=37393"},"modified":"2026-03-31T13:52:16","modified_gmt":"2026-03-31T18:52:16","slug":"normatividad","status":"publish","type":"page","link":"https:\/\/inmaya.qroo.gob.mx\/index.php\/normatividad\/","title":{"rendered":"Normatividad"},"content":{"rendered":"\t\t<div data-elementor-type=\"wp-page\" data-elementor-id=\"37393\" class=\"elementor elementor-37393\">\n\t\t\t\t<div class=\"elementor-element elementor-element-5ce5ca9 e-flex e-con-boxed e-con e-parent\" data-id=\"5ce5ca9\" data-element_type=\"container\">\n\t\t\t\t\t<div class=\"e-con-inner\">\n\t\t\t\t<div class=\"elementor-element elementor-element-8408bc2 elementor-widget elementor-widget-heading\" data-id=\"8408bc2\" data-element_type=\"widget\" data-widget_type=\"heading.default\">\n\t\t\t\t<div class=\"elementor-widget-container\">\n\t\t\t\t\t<h2 class=\"elementor-heading-title elementor-size-default\">Normatividad <br><br><\/h2>\t\t\t\t<\/div>\n\t\t\t\t<\/div>\n\t\t\t\t\t<\/div>\n\t\t\t\t<\/div>\n\t\t<div class=\"elementor-element elementor-element-7970dc7 e-grid e-con-full e-con e-parent\" data-id=\"7970dc7\" data-element_type=\"container\">\n\t\t\t\t<div class=\"elementor-element elementor-element-1ac2654 elementor-widget__width-initial elementor-widget elementor-widget-heading\" data-id=\"1ac2654\" data-element_type=\"widget\" data-widget_type=\"heading.default\">\n\t\t\t\t<div class=\"elementor-widget-container\">\n\t\t\t\t\t<h2 class=\"elementor-heading-title elementor-size-default\">Estatal<\/h2>\t\t\t\t<\/div>\n\t\t\t\t<\/div>\n\t\t<div class=\"elementor-element elementor-element-21da562 e-con-full e-flex e-con e-child\" data-id=\"21da562\" data-element_type=\"container\">\n\t\t\t\t<div class=\"elementor-element elementor-element-c737efd elementor-widget elementor-widget-text-editor\" data-id=\"c737efd\" data-element_type=\"widget\" data-widget_type=\"text-editor.default\">\n\t\t\t\t<div class=\"elementor-widget-container\">\n\t\t\t\t\t\t\t\t\t<ol><li><a href=\"https:\/\/inmaya.qroo.gob.mx\/wp-content\/uploads\/2026\/03\/CONSTITUCIO\u0301N-POLI\u0301TICA-DEL-ESTADO-DE-QUINTANA-ROO.pdf\" target=\"_blank\" rel=\"noopener\">CONSTITUCIO\u0301N POLI\u0301TICA DEL ESTADO DE QUINTANA ROO<\/a><\/li><li><a href=\"https:\/\/inmaya.qroo.gob.mx\/wp-content\/uploads\/2026\/03\/DECRETO-NU\u0301MERO-076.pdf\" target=\"_blank\" rel=\"noopener\">DECRETO NU\u0301MERO 076<\/a><\/li><li><a href=\"https:\/\/inmaya.qroo.gob.mx\/wp-content\/uploads\/2026\/03\/folleto-convenio-169-oit.pdf\" target=\"_blank\" rel=\"noopener\">FOLLETO-CONVENIO-169-oit<\/a><\/li><li><a href=\"https:\/\/inmaya.qroo.gob.mx\/wp-content\/uploads\/2026\/03\/LEY-DE-DERECHOS-CULTURA-Y-ORGANIZACION-INDIGENA-DEL-ESTADO-DE-QUINTANA-ROO.pdf\">LEY DE DERECHOS, CULTURA Y ORGANIZACI\u00d3N IND\u00cdGENA DEL ESTADO DE QUINTANA ROO<\/a><\/li><li><a href=\"https:\/\/inmaya.qroo.gob.mx\/wp-content\/uploads\/2026\/03\/LEY-DE-JUSTICIA-INDIGENA-DEL-ESTADO-DE-QUINTANA-ROO.pdf\">LEY DE JUSTICIA INDIGENA DEL ESTADO DE QUINTANA ROO<\/a><\/li><li><a href=\"https:\/\/inmaya.qroo.gob.mx\/wp-content\/uploads\/2026\/03\/LEY-DE-LAS-ENTIDADES-DE-LA-ADMINISTRACION-PUBLICA-DEL-ESTADO-DE-QUINTANA-ROO.pdf\">LEY DE LAS ENTIDADES DE LA ADMINISTRACI\u00d3N P\u00daBLICA DEL ESTADO DE QUINTANA ROO<\/a><\/li><li><a href=\"https:\/\/inmaya.qroo.gob.mx\/wp-content\/uploads\/2026\/03\/LEY-DE-PROTECCION-DE-DATOS-PERSONALES-EN-POSESION-DE-SUJETOS-OBLIGADOS-DEL-ESTADO-DE-QUINTANA-ROO.pdf\">LEY DE PROTECCI\u00d3N DE DATOS PERSONALES EN POSESI\u00d3N DE SUJETOS OBLIGADOS DEL ESTADO DE QUINTANA ROO<\/a><\/li><li><a href=\"https:\/\/inmaya.qroo.gob.mx\/wp-content\/uploads\/2026\/03\/LEY-DE-TRANSPARENCIA-Y-ACCESO-A-LA-INFORMACION-PUBLICA-DEL-ESTADO-DE-QUINTANA-ROO.pdf\">LEY DE TRANSPARENCIA Y ACCESO A LA INFORMACI\u00d3N P\u00daBLICA DEL ESTADO DE QUINTANA ROO<\/a><\/li><li><a href=\"https:\/\/inmaya.qroo.gob.mx\/wp-content\/uploads\/2026\/03\/LINEAMIENTOS-PARA-EL-EJERCICIO-CONTROL-Y-COMPROBACION-DEL-GASTOS-DESTINADO-A-VIATICOS-PASAJES.pdf\">LINEAMIENTOS PARA EL EJERCICIO, CONTROL Y COMPROBACION DEL GASTOS DESTINADO A VIATICOS, PASAJES<\/a><\/li><li><a href=\"https:\/\/inmaya.qroo.gob.mx\/wp-content\/uploads\/2026\/03\/Reglamento-Interior-de-INMAYA-para-publicar-en-Transparencia.pdf\">Reglamento Interior de INMAYA para publicar en Transparencia<\/a><\/li><\/ol>\t\t\t\t\t\t\t\t<\/div>\n\t\t\t\t<\/div>\n\t\t\t\t<\/div>\n\t\t\t\t<div class=\"elementor-element elementor-element-5d0669a elementor-icon-list--layout-traditional elementor-list-item-link-full_width elementor-widget elementor-widget-icon-list\" data-id=\"5d0669a\" data-element_type=\"widget\" data-widget_type=\"icon-list.default\">\n\t\t\t\t<div class=\"elementor-widget-container\">\n\t\t\t\t\t\t\t<ul class=\"elementor-icon-list-items\">\n\t\t\t\t\t\t\t<li class=\"elementor-icon-list-item\">\n\t\t\t\t\t\t\t\t\t\t<span class=\"elementor-icon-list-text\"><\/span>\n\t\t\t\t\t\t\t\t\t<\/li>\n\t\t\t\t\t\t<\/ul>\n\t\t\t\t\t\t<\/div>\n\t\t\t\t<\/div>\n\t\t\t\t<\/div>\n\t\t<div class=\"elementor-element elementor-element-5c9f52a e-grid e-con-full e-con e-parent\" data-id=\"5c9f52a\" data-element_type=\"container\">\n\t\t\t\t<div class=\"elementor-element elementor-element-5b4ebe8 elementor-widget__width-initial elementor-widget elementor-widget-heading\" data-id=\"5b4ebe8\" data-element_type=\"widget\" data-widget_type=\"heading.default\">\n\t\t\t\t<div class=\"elementor-widget-container\">\n\t\t\t\t\t<h2 class=\"elementor-heading-title elementor-size-default\">Federal<\/h2>\t\t\t\t<\/div>\n\t\t\t\t<\/div>\n\t\t<div class=\"elementor-element elementor-element-64ebacc e-con-full e-flex e-con e-child\" data-id=\"64ebacc\" data-element_type=\"container\">\n\t\t\t\t<div class=\"elementor-element elementor-element-1401c3e elementor-widget elementor-widget-text-editor\" data-id=\"1401c3e\" data-element_type=\"widget\" data-widget_type=\"text-editor.default\">\n\t\t\t\t<div class=\"elementor-widget-container\">\n\t\t\t\t\t\t\t\t\t<ol><li><a href=\"https:\/\/inmaya.qroo.gob.mx\/wp-content\/uploads\/2026\/03\/1969_Convencion_Americana_sobre_Derechos_Humanos.pdf\">1969_Convenci\u00f3n_Americana_sobre_Derechos_Humanos<\/a><\/li><li><a href=\"https:\/\/inmaya.qroo.gob.mx\/wp-content\/uploads\/2026\/03\/CONSTITUCION-POLITICA-DE-LOS-ESTADOS-UNIDOS-MEXICANOS.pdf\">CONSTITUCI\u00d3N POL\u00cdTICA DE LOS ESTADOS UNIDOS MEXICANOS<\/a><\/li><li><a href=\"https:\/\/inmaya.qroo.gob.mx\/wp-content\/uploads\/2026\/03\/Ley-General-de-Proteccion-de-Datos-Personales-en-Posesion-de-Sujetos-Obligados.pdf\">Ley General de Protecci\u00f3n de Datos Personales en Posesi\u00f3n de Sujetos Obligados<\/a><\/li><li><a href=\"https:\/\/inmaya.qroo.gob.mx\/wp-content\/uploads\/2026\/03\/Ley-General-de-Transparencia-y-Acceso-a-la-Informacion-Publica.pdf\">Ley General de Transparencia y Acceso a la Informaci\u00f3n P\u00fablica<\/a><\/li><li><a href=\"https:\/\/inmaya.qroo.gob.mx\/wp-content\/uploads\/2026\/03\/PACTO-INTERNACIONAL-DE-DERECHOS-CIVILES-Y-POLITICOS.pdf\">PACTO INTERNACIONAL DE DERECHOS CIVILES Y POL\u00cdTICOS<\/a><\/li><li><a href=\"https:\/\/inmaya.qroo.gob.mx\/wp-content\/uploads\/2026\/03\/PACTO-INTERNACIONAL-DE-DERECHOS-ECONOMICOS-SOCIALES-Y-CULTURALES.pdf\">PACTO INTERNACIONAL DE DERECHOS ECON\u00d3MICOS, SOCIALES Y CULTURALES<\/a><\/li><\/ol>\t\t\t\t\t\t\t\t<\/div>\n\t\t\t\t<\/div>\n\t\t\t\t<\/div>\n\t\t\t\t<div class=\"elementor-element elementor-element-bcdbb9b elementor-icon-list--layout-traditional elementor-list-item-link-full_width elementor-widget elementor-widget-icon-list\" data-id=\"bcdbb9b\" data-element_type=\"widget\" data-widget_type=\"icon-list.default\">\n\t\t\t\t<div class=\"elementor-widget-container\">\n\t\t\t\t\t\t\t<ul class=\"elementor-icon-list-items\">\n\t\t\t\t\t\t\t<li class=\"elementor-icon-list-item\">\n\t\t\t\t\t\t\t\t\t\t<span class=\"elementor-icon-list-text\"><\/span>\n\t\t\t\t\t\t\t\t\t<\/li>\n\t\t\t\t\t\t<\/ul>\n\t\t\t\t\t\t<\/div>\n\t\t\t\t<\/div>\n\t\t\t\t<\/div>\n\t\t\t\t<\/div>\n\t\t","protected":false},"excerpt":{"rendered":"<p>Normatividad Estatal CONSTITUCIO\u0301N POLI\u0301TICA DEL ESTADO DE QUINTANA ROO DECRETO NU\u0301MERO 076 FOLLETO-CONVENIO-169-oit LEY DE DERECHOS, CULTURA Y ORGANIZACI\u00d3N IND\u00cdGENA DEL ESTADO DE QUINTANA ROO LEY DE JUSTICIA INDIGENA DEL ESTADO DE QUINTANA ROO LEY DE LAS ENTIDADES DE LA ADMINISTRACI\u00d3N P\u00daBLICA DEL ESTADO DE QUINTANA ROO LEY DE PROTECCI\u00d3N DE DATOS PERSONALES EN POSESI\u00d3N &#8230; <a title=\"Normatividad\" class=\"read-more\" href=\"https:\/\/inmaya.qroo.gob.mx\/index.php\/normatividad\/\" aria-label=\"Leer m\u00e1s sobre Normatividad\">Leer m\u00e1s<\/a><\/p>\n","protected":false},"author":8,"featured_media":0,"parent":0,"menu_order":0,"comment_status":"closed","ping_status":"closed","template":"","meta":{"footnotes":""},"class_list":["post-37393","page","type-page","status-publish"],"yoast_head":"<!-- This site is optimized with the Yoast SEO plugin v25.3 - https:\/\/yoast.com\/wordpress\/plugins\/seo\/ -->\n<title>Normatividad - INMAYA<\/title>\n<meta name=\"robots\" content=\"index, follow, max-snippet:-1, max-image-preview:large, max-video-preview:-1\" \/>\n<link rel=\"canonical\" href=\"https:\/\/inmaya.qroo.gob.mx\/index.php\/normatividad\/\" \/>\n<meta property=\"og:locale\" content=\"es_MX\" \/>\n<meta property=\"og:type\" content=\"article\" \/>\n<meta property=\"og:title\" content=\"Normatividad - INMAYA\" \/>\n<meta property=\"og:description\" content=\"Normatividad Estatal CONSTITUCIO\u0301N POLI\u0301TICA DEL ESTADO DE QUINTANA ROO DECRETO NU\u0301MERO 076 FOLLETO-CONVENIO-169-oit LEY DE DERECHOS, CULTURA Y ORGANIZACI\u00d3N IND\u00cdGENA DEL ESTADO DE QUINTANA ROO LEY DE JUSTICIA INDIGENA DEL ESTADO DE QUINTANA ROO LEY DE LAS ENTIDADES DE LA ADMINISTRACI\u00d3N P\u00daBLICA DEL ESTADO DE QUINTANA ROO LEY DE PROTECCI\u00d3N DE DATOS PERSONALES EN POSESI\u00d3N ... Leer m\u00e1s\" \/>\n<meta property=\"og:url\" content=\"https:\/\/inmaya.qroo.gob.mx\/index.php\/normatividad\/\" \/>\n<meta property=\"og:site_name\" content=\"INMAYA\" \/>\n<meta property=\"article:modified_time\" content=\"2026-03-31T18:52:16+00:00\" \/>\n<meta name=\"twitter:card\" content=\"summary_large_image\" \/>\n<meta name=\"twitter:label1\" content=\"Tiempo de lectura\" \/>\n\t<meta name=\"twitter:data1\" content=\"1 minuto\" \/>\n<script type=\"application\/ld+json\" class=\"yoast-schema-graph\">{\"@context\":\"https:\/\/schema.org\",\"@graph\":[{\"@type\":\"WebPage\",\"@id\":\"https:\/\/inmaya.qroo.gob.mx\/index.php\/normatividad\/\",\"url\":\"https:\/\/inmaya.qroo.gob.mx\/index.php\/normatividad\/\",\"name\":\"Normatividad - INMAYA\",\"isPartOf\":{\"@id\":\"https:\/\/inmaya.qroo.gob.mx\/#website\"},\"datePublished\":\"2026-03-14T01:26:03+00:00\",\"dateModified\":\"2026-03-31T18:52:16+00:00\",\"breadcrumb\":{\"@id\":\"https:\/\/inmaya.qroo.gob.mx\/index.php\/normatividad\/#breadcrumb\"},\"inLanguage\":\"es\",\"potentialAction\":[{\"@type\":\"ReadAction\",\"target\":[\"https:\/\/inmaya.qroo.gob.mx\/index.php\/normatividad\/\"]}]},{\"@type\":\"BreadcrumbList\",\"@id\":\"https:\/\/inmaya.qroo.gob.mx\/index.php\/normatividad\/#breadcrumb\",\"itemListElement\":[{\"@type\":\"ListItem\",\"position\":1,\"name\":\"Inicio\",\"item\":\"https:\/\/inmaya.qroo.gob.mx\/\"},{\"@type\":\"ListItem\",\"position\":2,\"name\":\"Normatividad\"}]},{\"@type\":\"WebSite\",\"@id\":\"https:\/\/inmaya.qroo.gob.mx\/#website\",\"url\":\"https:\/\/inmaya.qroo.gob.mx\/\",\"name\":\"INMAYA\",\"description\":\"Instituto para el Desarrollo del Pueblo Maya y las Comunidades Ind\u00edgenas del Estado de Quintana Roo\",\"publisher\":{\"@id\":\"https:\/\/inmaya.qroo.gob.mx\/#organization\"},\"potentialAction\":[{\"@type\":\"SearchAction\",\"target\":{\"@type\":\"EntryPoint\",\"urlTemplate\":\"https:\/\/inmaya.qroo.gob.mx\/?s={search_term_string}\"},\"query-input\":{\"@type\":\"PropertyValueSpecification\",\"valueRequired\":true,\"valueName\":\"search_term_string\"}}],\"inLanguage\":\"es\"},{\"@type\":\"Organization\",\"@id\":\"https:\/\/inmaya.qroo.gob.mx\/#organization\",\"name\":\"INMAYA\",\"url\":\"https:\/\/inmaya.qroo.gob.mx\/\",\"logo\":{\"@type\":\"ImageObject\",\"inLanguage\":\"es\",\"@id\":\"https:\/\/inmaya.qroo.gob.mx\/#\/schema\/logo\/image\/\",\"url\":\"https:\/\/inmaya.qroo.gob.mx\/wp-content\/uploads\/2024\/03\/logo-de-gobierno.png\",\"contentUrl\":\"https:\/\/inmaya.qroo.gob.mx\/wp-content\/uploads\/2024\/03\/logo-de-gobierno.png\",\"width\":1876,\"height\":596,\"caption\":\"INMAYA\"},\"image\":{\"@id\":\"https:\/\/inmaya.qroo.gob.mx\/#\/schema\/logo\/image\/\"}}]}<\/script>\n<!-- \/ Yoast SEO plugin. -->","yoast_head_json":{"title":"Normatividad - INMAYA","robots":{"index":"index","follow":"follow","max-snippet":"max-snippet:-1","max-image-preview":"max-image-preview:large","max-video-preview":"max-video-preview:-1"},"canonical":"https:\/\/inmaya.qroo.gob.mx\/index.php\/normatividad\/","og_locale":"es_MX","og_type":"article","og_title":"Normatividad - INMAYA","og_description":"Normatividad Estatal CONSTITUCIO\u0301N POLI\u0301TICA DEL ESTADO DE QUINTANA ROO DECRETO NU\u0301MERO 076 FOLLETO-CONVENIO-169-oit LEY DE DERECHOS, CULTURA Y ORGANIZACI\u00d3N IND\u00cdGENA DEL ESTADO DE QUINTANA ROO LEY DE JUSTICIA INDIGENA DEL ESTADO DE QUINTANA ROO LEY DE LAS ENTIDADES DE LA ADMINISTRACI\u00d3N P\u00daBLICA DEL ESTADO DE QUINTANA ROO LEY DE PROTECCI\u00d3N DE DATOS PERSONALES EN POSESI\u00d3N ... Leer m\u00e1s","og_url":"https:\/\/inmaya.qroo.gob.mx\/index.php\/normatividad\/","og_site_name":"INMAYA","article_modified_time":"2026-03-31T18:52:16+00:00","twitter_card":"summary_large_image","twitter_misc":{"Tiempo de lectura":"1 minuto"},"schema":{"@context":"https:\/\/schema.org","@graph":[{"@type":"WebPage","@id":"https:\/\/inmaya.qroo.gob.mx\/index.php\/normatividad\/","url":"https:\/\/inmaya.qroo.gob.mx\/index.php\/normatividad\/","name":"Normatividad - INMAYA","isPartOf":{"@id":"https:\/\/inmaya.qroo.gob.mx\/#website"},"datePublished":"2026-03-14T01:26:03+00:00","dateModified":"2026-03-31T18:52:16+00:00","breadcrumb":{"@id":"https:\/\/inmaya.qroo.gob.mx\/index.php\/normatividad\/#breadcrumb"},"inLanguage":"es","potentialAction":[{"@type":"ReadAction","target":["https:\/\/inmaya.qroo.gob.mx\/index.php\/normatividad\/"]}]},{"@type":"BreadcrumbList","@id":"https:\/\/inmaya.qroo.gob.mx\/index.php\/normatividad\/#breadcrumb","itemListElement":[{"@type":"ListItem","position":1,"name":"Inicio","item":"https:\/\/inmaya.qroo.gob.mx\/"},{"@type":"ListItem","position":2,"name":"Normatividad"}]},{"@type":"WebSite","@id":"https:\/\/inmaya.qroo.gob.mx\/#website","url":"https:\/\/inmaya.qroo.gob.mx\/","name":"INMAYA","description":"Instituto para el Desarrollo del Pueblo Maya y las Comunidades Ind\u00edgenas del Estado de Quintana Roo","publisher":{"@id":"https:\/\/inmaya.qroo.gob.mx\/#organization"},"potentialAction":[{"@type":"SearchAction","target":{"@type":"EntryPoint","urlTemplate":"https:\/\/inmaya.qroo.gob.mx\/?s={search_term_string}"},"query-input":{"@type":"PropertyValueSpecification","valueRequired":true,"valueName":"search_term_string"}}],"inLanguage":"es"},{"@type":"Organization","@id":"https:\/\/inmaya.qroo.gob.mx\/#organization","name":"INMAYA","url":"https:\/\/inmaya.qroo.gob.mx\/","logo":{"@type":"ImageObject","inLanguage":"es","@id":"https:\/\/inmaya.qroo.gob.mx\/#\/schema\/logo\/image\/","url":"https:\/\/inmaya.qroo.gob.mx\/wp-content\/uploads\/2024\/03\/logo-de-gobierno.png","contentUrl":"https:\/\/inmaya.qroo.gob.mx\/wp-content\/uploads\/2024\/03\/logo-de-gobierno.png","width":1876,"height":596,"caption":"INMAYA"},"image":{"@id":"https:\/\/inmaya.qroo.gob.mx\/#\/schema\/logo\/image\/"}}]}},"_links":{"self":[{"href":"https:\/\/inmaya.qroo.gob.mx\/index.php\/wp-json\/wp\/v2\/pages\/37393","targetHints":{"allow":["GET"]}}],"collection":[{"href":"https:\/\/inmaya.qroo.gob.mx\/index.php\/wp-json\/wp\/v2\/pages"}],"about":[{"href":"https:\/\/inmaya.qroo.gob.mx\/index.php\/wp-json\/wp\/v2\/types\/page"}],"author":[{"embeddable":true,"href":"https:\/\/inmaya.qroo.gob.mx\/index.php\/wp-json\/wp\/v2\/users\/8"}],"replies":[{"embeddable":true,"href":"https:\/\/inmaya.qroo.gob.mx\/index.php\/wp-json\/wp\/v2\/comments?post=37393"}],"version-history":[{"count":35,"href":"https:\/\/inmaya.qroo.gob.mx\/index.php\/wp-json\/wp\/v2\/pages\/37393\/revisions"}],"predecessor-version":[{"id":37551,"href":"https:\/\/inmaya.qroo.gob.mx\/index.php\/wp-json\/wp\/v2\/pages\/37393\/revisions\/37551"}],"wp:attachment":[{"href":"https:\/\/inmaya.qroo.gob.mx\/index.php\/wp-json\/wp\/v2\/media?parent=37393"}],"curies":[{"name":"wp","href":"https:\/\/api.w.org\/{rel}","templated":true}]}}