{"id":36945,"date":"2025-08-05T09:21:56","date_gmt":"2025-08-05T14:21:56","guid":{"rendered":"https:\/\/inmaya.qroo.gob.mx\/?page_id=36945"},"modified":"2025-08-05T09:39:18","modified_gmt":"2025-08-05T14:39:18","slug":"padron-de-dignatarias-y-dignatarios-mayas","status":"publish","type":"page","link":"https:\/\/inmaya.qroo.gob.mx\/index.php\/padron-de-dignatarias-y-dignatarios-mayas\/","title":{"rendered":"Padr\u00f3n de Dignatarias y Dignatarios Mayas"},"content":{"rendered":"\t\t<div data-elementor-type=\"wp-page\" data-elementor-id=\"36945\" class=\"elementor elementor-36945\">\n\t\t\t\t<div class=\"elementor-element elementor-element-e9a1e2a e-flex e-con-boxed e-con e-parent\" data-id=\"e9a1e2a\" data-element_type=\"container\">\n\t\t\t\t\t<div class=\"e-con-inner\">\n\t\t\t\t<div class=\"elementor-element elementor-element-d338b00 elementor-widget elementor-widget-image\" data-id=\"d338b00\" data-element_type=\"widget\" data-widget_type=\"image.default\">\n\t\t\t\t<div class=\"elementor-widget-container\">\n\t\t\t\t\t\t\t\t\t\t\t\t\t\t\t<img fetchpriority=\"high\" decoding=\"async\" width=\"1024\" height=\"442\" src=\"https:\/\/inmaya.qroo.gob.mx\/wp-content\/uploads\/2025\/08\/CoverDignatarios-1024x442.jpg\" class=\"attachment-large size-large wp-image-36948\" alt=\"\" srcset=\"https:\/\/inmaya.qroo.gob.mx\/wp-content\/uploads\/2025\/08\/CoverDignatarios-1024x442.jpg 1024w, https:\/\/inmaya.qroo.gob.mx\/wp-content\/uploads\/2025\/08\/CoverDignatarios-300x129.jpg 300w, https:\/\/inmaya.qroo.gob.mx\/wp-content\/uploads\/2025\/08\/CoverDignatarios-768x331.jpg 768w, https:\/\/inmaya.qroo.gob.mx\/wp-content\/uploads\/2025\/08\/CoverDignatarios-1536x663.jpg 1536w, https:\/\/inmaya.qroo.gob.mx\/wp-content\/uploads\/2025\/08\/CoverDignatarios-2048x884.jpg 2048w\" sizes=\"(max-width: 1024px) 100vw, 1024px\" \/>\t\t\t\t\t\t\t\t\t\t\t\t\t\t\t<\/div>\n\t\t\t\t<\/div>\n\t\t\t\t\t<\/div>\n\t\t\t\t<\/div>\n\t\t<div class=\"elementor-element elementor-element-12f1a33 e-flex e-con-boxed e-con e-parent\" data-id=\"12f1a33\" data-element_type=\"container\">\n\t\t\t\t\t<div class=\"e-con-inner\">\n\t\t\t\t<div class=\"elementor-element elementor-element-bf9a748 elementor-widget elementor-widget-spacer\" data-id=\"bf9a748\" data-element_type=\"widget\" data-widget_type=\"spacer.default\">\n\t\t\t\t<div class=\"elementor-widget-container\">\n\t\t\t\t\t\t\t<div class=\"elementor-spacer\">\n\t\t\t<div class=\"elementor-spacer-inner\"><\/div>\n\t\t<\/div>\n\t\t\t\t\t\t<\/div>\n\t\t\t\t<\/div>\n\t\t\t\t\t<\/div>\n\t\t\t\t<\/div>\n\t\t<div class=\"elementor-element elementor-element-6c94bc8 e-flex e-con-boxed e-con e-parent\" data-id=\"6c94bc8\" data-element_type=\"container\">\n\t\t\t\t\t<div class=\"e-con-inner\">\n\t\t\t\t<div class=\"elementor-element elementor-element-13fb706 eael-dt-th-align-center eael-table-align-center elementor-widget elementor-widget-eael-data-table\" data-id=\"13fb706\" data-element_type=\"widget\" data-widget_type=\"eael-data-table.default\">\n\t\t\t\t<div class=\"elementor-widget-container\">\n\t\t\t\t\t\t\t<div class=\"eael-data-table-wrap\" data-table_id=\"13fb706\" id=\"eael-data-table-wrapper-13fb706\" data-custom_responsive=\"false\">\n\t\t\t<table class=\"tablesorter eael-data-table center\" id=\"eael-data-table-13fb706\">\n\t\t\t    <thead>\n\t\t\t        <tr class=\"table-header\">\n\t\t\t\t\t\t\t\t\t            <th class=\"\" id=\"\" colspan=\"\">\n\t\t\t\t\t\t\t\t\t\t\t\t\t\t<span class=\"data-table-header-text\">Documento<\/span><\/th>\n\t\t\t        \t\t\t\t        <\/tr>\n\t\t\t    <\/thead>\n\t\t\t  \t<tbody>\n\t\t\t\t\t\t\t\t\t\t\t<tr>\n\t\t\t\t\t\t\t\t\t\t\t\t\t\t\t\t   \t\t\t\t\t\t\t\t\t\t\t<td colspan=\"\" rowspan=\"\" class=\"\" id=\"\">\n\t\t\t\t\t\t\t\t\t\t\t\t<div class=\"td-content-wrapper\">\n\t\t\t\t\t\t\t\t\t\t\t\t\t<a href=\"https:\/\/inmaya.qroo.gob.mx\/wp-content\/uploads\/2025\/08\/Padron-de-Dignatarias-y-Dignatarios-Maya-Primer-Bimestre-2025-1.pdf\" target=\"_blank\">Padr\u00f3n de Dignatarias y Dignatarios Mayas Primer Bimestre 2025<\/a>\n\t\t\t\t\t\t\t\t\t\t\t\t<\/div>\n\t\t\t\t\t\t\t\t\t\t\t<\/td>\n\n\t\t\t\t\t\t\t\t\t\t\t\t\t\t\t\t\t\t\t\t\t\t\t\t\t\t<\/tr>\n\t\t\t        \t\t\t\t\t\t<tr>\n\t\t\t\t\t\t\t\t\t\t\t\t\t\t\t\t   \t\t\t\t\t\t\t\t\t\t\t<td colspan=\"\" rowspan=\"\" class=\"\" id=\"\">\n\t\t\t\t\t\t\t\t\t\t\t\t<div class=\"td-content-wrapper\">\n\t\t\t\t\t\t\t\t\t\t\t\t\t<a href=\"https:\/\/inmaya.qroo.gob.mx\/wp-content\/uploads\/2025\/08\/PADRON-DE-DIGNATARIAS-Y-DIGNATARIOS-MAYAS-SEGUNDO-BIMESTRE-MARZOABRIL-2025.pdf\" target=\"_blank\">Padr\u00f3n de Dignatarias y Dignatarios Mayas Segundo Bimestre 2025<\/a>\n\t\t\t\t\t\t\t\t\t\t\t\t<\/div>\n\t\t\t\t\t\t\t\t\t\t\t<\/td>\n\n\t\t\t\t\t\t\t\t\t\t\t\t\t\t\t\t\t\t\t\t\t\t\t\t\t\t<\/tr>\n\t\t\t        \t\t\t    <\/tbody>\n\t\t\t<\/table>\n\t\t<\/div>\n\t  \t\t\t\t\t<\/div>\n\t\t\t\t<\/div>\n\t\t\t\t\t<\/div>\n\t\t\t\t<\/div>\n\t\t\t\t<\/div>\n\t\t","protected":false},"excerpt":{"rendered":"<p>Documento Padr\u00f3n de Dignatarias y Dignatarios Mayas Primer Bimestre 2025 Padr\u00f3n de Dignatarias y Dignatarios Mayas Segundo Bimestre 2025<\/p>\n","protected":false},"author":4,"featured_media":0,"parent":0,"menu_order":0,"comment_status":"closed","ping_status":"closed","template":"","meta":{"footnotes":""},"class_list":["post-36945","page","type-page","status-publish"],"yoast_head":"<!-- This site is optimized with the Yoast SEO plugin v25.3 - https:\/\/yoast.com\/wordpress\/plugins\/seo\/ -->\n<title>Padr\u00f3n de Dignatarias y Dignatarios Mayas - INMAYA<\/title>\n<meta name=\"robots\" content=\"index, follow, max-snippet:-1, max-image-preview:large, max-video-preview:-1\" \/>\n<link rel=\"canonical\" href=\"https:\/\/inmaya.qroo.gob.mx\/index.php\/padron-de-dignatarias-y-dignatarios-mayas\/\" \/>\n<meta property=\"og:locale\" content=\"es_MX\" \/>\n<meta property=\"og:type\" content=\"article\" \/>\n<meta property=\"og:title\" content=\"Padr\u00f3n de Dignatarias y Dignatarios Mayas - INMAYA\" \/>\n<meta property=\"og:description\" content=\"Documento Padr\u00f3n de Dignatarias y Dignatarios Mayas Primer Bimestre 2025 Padr\u00f3n de Dignatarias y Dignatarios Mayas Segundo Bimestre 2025\" \/>\n<meta property=\"og:url\" content=\"https:\/\/inmaya.qroo.gob.mx\/index.php\/padron-de-dignatarias-y-dignatarios-mayas\/\" \/>\n<meta property=\"og:site_name\" content=\"INMAYA\" \/>\n<meta property=\"article:modified_time\" content=\"2025-08-05T14:39:18+00:00\" \/>\n<meta property=\"og:image\" content=\"https:\/\/inmaya.qroo.gob.mx\/wp-content\/uploads\/2025\/08\/CoverDignatarios-scaled.jpg\" \/>\n\t<meta property=\"og:image:width\" content=\"2560\" \/>\n\t<meta property=\"og:image:height\" content=\"1104\" \/>\n\t<meta property=\"og:image:type\" content=\"image\/jpeg\" \/>\n<meta name=\"twitter:card\" content=\"summary_large_image\" \/>\n<meta name=\"twitter:label1\" content=\"Tiempo de lectura\" \/>\n\t<meta name=\"twitter:data1\" content=\"1 minuto\" \/>\n<script type=\"application\/ld+json\" class=\"yoast-schema-graph\">{\"@context\":\"https:\/\/schema.org\",\"@graph\":[{\"@type\":\"WebPage\",\"@id\":\"https:\/\/inmaya.qroo.gob.mx\/index.php\/padron-de-dignatarias-y-dignatarios-mayas\/\",\"url\":\"https:\/\/inmaya.qroo.gob.mx\/index.php\/padron-de-dignatarias-y-dignatarios-mayas\/\",\"name\":\"Padr\u00f3n de Dignatarias y Dignatarios Mayas - INMAYA\",\"isPartOf\":{\"@id\":\"https:\/\/inmaya.qroo.gob.mx\/#website\"},\"primaryImageOfPage\":{\"@id\":\"https:\/\/inmaya.qroo.gob.mx\/index.php\/padron-de-dignatarias-y-dignatarios-mayas\/#primaryimage\"},\"image\":{\"@id\":\"https:\/\/inmaya.qroo.gob.mx\/index.php\/padron-de-dignatarias-y-dignatarios-mayas\/#primaryimage\"},\"thumbnailUrl\":\"https:\/\/inmaya.qroo.gob.mx\/wp-content\/uploads\/2025\/08\/CoverDignatarios-1024x442.jpg\",\"datePublished\":\"2025-08-05T14:21:56+00:00\",\"dateModified\":\"2025-08-05T14:39:18+00:00\",\"breadcrumb\":{\"@id\":\"https:\/\/inmaya.qroo.gob.mx\/index.php\/padron-de-dignatarias-y-dignatarios-mayas\/#breadcrumb\"},\"inLanguage\":\"es\",\"potentialAction\":[{\"@type\":\"ReadAction\",\"target\":[\"https:\/\/inmaya.qroo.gob.mx\/index.php\/padron-de-dignatarias-y-dignatarios-mayas\/\"]}]},{\"@type\":\"ImageObject\",\"inLanguage\":\"es\",\"@id\":\"https:\/\/inmaya.qroo.gob.mx\/index.php\/padron-de-dignatarias-y-dignatarios-mayas\/#primaryimage\",\"url\":\"https:\/\/inmaya.qroo.gob.mx\/wp-content\/uploads\/2025\/08\/CoverDignatarios-scaled.jpg\",\"contentUrl\":\"https:\/\/inmaya.qroo.gob.mx\/wp-content\/uploads\/2025\/08\/CoverDignatarios-scaled.jpg\",\"width\":2560,\"height\":1104},{\"@type\":\"BreadcrumbList\",\"@id\":\"https:\/\/inmaya.qroo.gob.mx\/index.php\/padron-de-dignatarias-y-dignatarios-mayas\/#breadcrumb\",\"itemListElement\":[{\"@type\":\"ListItem\",\"position\":1,\"name\":\"Inicio\",\"item\":\"https:\/\/inmaya.qroo.gob.mx\/\"},{\"@type\":\"ListItem\",\"position\":2,\"name\":\"Padr\u00f3n de Dignatarias y Dignatarios Mayas\"}]},{\"@type\":\"WebSite\",\"@id\":\"https:\/\/inmaya.qroo.gob.mx\/#website\",\"url\":\"https:\/\/inmaya.qroo.gob.mx\/\",\"name\":\"INMAYA\",\"description\":\"Instituto para el Desarrollo del Pueblo Maya y las Comunidades Ind\u00edgenas del Estado de Quintana Roo\",\"publisher\":{\"@id\":\"https:\/\/inmaya.qroo.gob.mx\/#organization\"},\"potentialAction\":[{\"@type\":\"SearchAction\",\"target\":{\"@type\":\"EntryPoint\",\"urlTemplate\":\"https:\/\/inmaya.qroo.gob.mx\/?s={search_term_string}\"},\"query-input\":{\"@type\":\"PropertyValueSpecification\",\"valueRequired\":true,\"valueName\":\"search_term_string\"}}],\"inLanguage\":\"es\"},{\"@type\":\"Organization\",\"@id\":\"https:\/\/inmaya.qroo.gob.mx\/#organization\",\"name\":\"INMAYA\",\"url\":\"https:\/\/inmaya.qroo.gob.mx\/\",\"logo\":{\"@type\":\"ImageObject\",\"inLanguage\":\"es\",\"@id\":\"https:\/\/inmaya.qroo.gob.mx\/#\/schema\/logo\/image\/\",\"url\":\"https:\/\/inmaya.qroo.gob.mx\/wp-content\/uploads\/2024\/03\/logo-de-gobierno.png\",\"contentUrl\":\"https:\/\/inmaya.qroo.gob.mx\/wp-content\/uploads\/2024\/03\/logo-de-gobierno.png\",\"width\":1876,\"height\":596,\"caption\":\"INMAYA\"},\"image\":{\"@id\":\"https:\/\/inmaya.qroo.gob.mx\/#\/schema\/logo\/image\/\"}}]}<\/script>\n<!-- \/ Yoast SEO plugin. -->","yoast_head_json":{"title":"Padr\u00f3n de Dignatarias y Dignatarios Mayas - INMAYA","robots":{"index":"index","follow":"follow","max-snippet":"max-snippet:-1","max-image-preview":"max-image-preview:large","max-video-preview":"max-video-preview:-1"},"canonical":"https:\/\/inmaya.qroo.gob.mx\/index.php\/padron-de-dignatarias-y-dignatarios-mayas\/","og_locale":"es_MX","og_type":"article","og_title":"Padr\u00f3n de Dignatarias y Dignatarios Mayas - INMAYA","og_description":"Documento Padr\u00f3n de Dignatarias y Dignatarios Mayas Primer Bimestre 2025 Padr\u00f3n de Dignatarias y Dignatarios Mayas Segundo Bimestre 2025","og_url":"https:\/\/inmaya.qroo.gob.mx\/index.php\/padron-de-dignatarias-y-dignatarios-mayas\/","og_site_name":"INMAYA","article_modified_time":"2025-08-05T14:39:18+00:00","og_image":[{"width":2560,"height":1104,"url":"https:\/\/inmaya.qroo.gob.mx\/wp-content\/uploads\/2025\/08\/CoverDignatarios-scaled.jpg","type":"image\/jpeg"}],"twitter_card":"summary_large_image","twitter_misc":{"Tiempo de lectura":"1 minuto"},"schema":{"@context":"https:\/\/schema.org","@graph":[{"@type":"WebPage","@id":"https:\/\/inmaya.qroo.gob.mx\/index.php\/padron-de-dignatarias-y-dignatarios-mayas\/","url":"https:\/\/inmaya.qroo.gob.mx\/index.php\/padron-de-dignatarias-y-dignatarios-mayas\/","name":"Padr\u00f3n de Dignatarias y Dignatarios Mayas - INMAYA","isPartOf":{"@id":"https:\/\/inmaya.qroo.gob.mx\/#website"},"primaryImageOfPage":{"@id":"https:\/\/inmaya.qroo.gob.mx\/index.php\/padron-de-dignatarias-y-dignatarios-mayas\/#primaryimage"},"image":{"@id":"https:\/\/inmaya.qroo.gob.mx\/index.php\/padron-de-dignatarias-y-dignatarios-mayas\/#primaryimage"},"thumbnailUrl":"https:\/\/inmaya.qroo.gob.mx\/wp-content\/uploads\/2025\/08\/CoverDignatarios-1024x442.jpg","datePublished":"2025-08-05T14:21:56+00:00","dateModified":"2025-08-05T14:39:18+00:00","breadcrumb":{"@id":"https:\/\/inmaya.qroo.gob.mx\/index.php\/padron-de-dignatarias-y-dignatarios-mayas\/#breadcrumb"},"inLanguage":"es","potentialAction":[{"@type":"ReadAction","target":["https:\/\/inmaya.qroo.gob.mx\/index.php\/padron-de-dignatarias-y-dignatarios-mayas\/"]}]},{"@type":"ImageObject","inLanguage":"es","@id":"https:\/\/inmaya.qroo.gob.mx\/index.php\/padron-de-dignatarias-y-dignatarios-mayas\/#primaryimage","url":"https:\/\/inmaya.qroo.gob.mx\/wp-content\/uploads\/2025\/08\/CoverDignatarios-scaled.jpg","contentUrl":"https:\/\/inmaya.qroo.gob.mx\/wp-content\/uploads\/2025\/08\/CoverDignatarios-scaled.jpg","width":2560,"height":1104},{"@type":"BreadcrumbList","@id":"https:\/\/inmaya.qroo.gob.mx\/index.php\/padron-de-dignatarias-y-dignatarios-mayas\/#breadcrumb","itemListElement":[{"@type":"ListItem","position":1,"name":"Inicio","item":"https:\/\/inmaya.qroo.gob.mx\/"},{"@type":"ListItem","position":2,"name":"Padr\u00f3n de Dignatarias y Dignatarios Mayas"}]},{"@type":"WebSite","@id":"https:\/\/inmaya.qroo.gob.mx\/#website","url":"https:\/\/inmaya.qroo.gob.mx\/","name":"INMAYA","description":"Instituto para el Desarrollo del Pueblo Maya y las Comunidades Ind\u00edgenas del Estado de Quintana Roo","publisher":{"@id":"https:\/\/inmaya.qroo.gob.mx\/#organization"},"potentialAction":[{"@type":"SearchAction","target":{"@type":"EntryPoint","urlTemplate":"https:\/\/inmaya.qroo.gob.mx\/?s={search_term_string}"},"query-input":{"@type":"PropertyValueSpecification","valueRequired":true,"valueName":"search_term_string"}}],"inLanguage":"es"},{"@type":"Organization","@id":"https:\/\/inmaya.qroo.gob.mx\/#organization","name":"INMAYA","url":"https:\/\/inmaya.qroo.gob.mx\/","logo":{"@type":"ImageObject","inLanguage":"es","@id":"https:\/\/inmaya.qroo.gob.mx\/#\/schema\/logo\/image\/","url":"https:\/\/inmaya.qroo.gob.mx\/wp-content\/uploads\/2024\/03\/logo-de-gobierno.png","contentUrl":"https:\/\/inmaya.qroo.gob.mx\/wp-content\/uploads\/2024\/03\/logo-de-gobierno.png","width":1876,"height":596,"caption":"INMAYA"},"image":{"@id":"https:\/\/inmaya.qroo.gob.mx\/#\/schema\/logo\/image\/"}}]}},"_links":{"self":[{"href":"https:\/\/inmaya.qroo.gob.mx\/index.php\/wp-json\/wp\/v2\/pages\/36945","targetHints":{"allow":["GET"]}}],"collection":[{"href":"https:\/\/inmaya.qroo.gob.mx\/index.php\/wp-json\/wp\/v2\/pages"}],"about":[{"href":"https:\/\/inmaya.qroo.gob.mx\/index.php\/wp-json\/wp\/v2\/types\/page"}],"author":[{"embeddable":true,"href":"https:\/\/inmaya.qroo.gob.mx\/index.php\/wp-json\/wp\/v2\/users\/4"}],"replies":[{"embeddable":true,"href":"https:\/\/inmaya.qroo.gob.mx\/index.php\/wp-json\/wp\/v2\/comments?post=36945"}],"version-history":[{"count":4,"href":"https:\/\/inmaya.qroo.gob.mx\/index.php\/wp-json\/wp\/v2\/pages\/36945\/revisions"}],"predecessor-version":[{"id":36951,"href":"https:\/\/inmaya.qroo.gob.mx\/index.php\/wp-json\/wp\/v2\/pages\/36945\/revisions\/36951"}],"wp:attachment":[{"href":"https:\/\/inmaya.qroo.gob.mx\/index.php\/wp-json\/wp\/v2\/media?parent=36945"}],"curies":[{"name":"wp","href":"https:\/\/api.w.org\/{rel}","templated":true}]}}