{"id":36620,"date":"2025-05-16T12:24:10","date_gmt":"2025-05-16T17:24:10","guid":{"rendered":"https:\/\/inmaya.qroo.gob.mx\/?page_id=36620"},"modified":"2026-03-30T18:09:14","modified_gmt":"2026-03-30T23:09:14","slug":"elementor-36620","status":"publish","type":"page","link":"https:\/\/inmaya.qroo.gob.mx\/index.php\/elementor-36620\/","title":{"rendered":"Direccion Juridica"},"content":{"rendered":"\t\t<div data-elementor-type=\"wp-page\" data-elementor-id=\"36620\" class=\"elementor elementor-36620\">\n\t\t\t\t<div class=\"elementor-element elementor-element-f9511a6 e-con-full e-flex e-con e-parent\" data-id=\"f9511a6\" data-element_type=\"container\">\n\t\t\t\t<div class=\"elementor-element elementor-element-fd7a130 elementor-widget elementor-widget-heading\" data-id=\"fd7a130\" data-element_type=\"widget\" data-widget_type=\"heading.default\">\n\t\t\t\t<div class=\"elementor-widget-container\">\n\t\t\t\t\t<h2 class=\"elementor-heading-title elementor-size-default\">Direcci\u00f3n de Derechos Ind\u00edgenas, Atenci\u00f3n Jur\u00eddica, Unidad de Transparencia, Acceso a la Informaci\u00f3n P\u00fablica y Protecci\u00f3n de Datos Personales<\/h2>\t\t\t\t<\/div>\n\t\t\t\t<\/div>\n\t\t<div class=\"elementor-element elementor-element-5e01b90 e-grid e-con-full e-con e-child\" data-id=\"5e01b90\" data-element_type=\"container\">\n\t\t\t\t<div class=\"elementor-element elementor-element-cbb0ae9 elementor-widget elementor-widget-image\" data-id=\"cbb0ae9\" data-element_type=\"widget\" data-widget_type=\"image.default\">\n\t\t\t\t<div class=\"elementor-widget-container\">\n\t\t\t\t\t\t\t\t\t\t\t\t\t\t\t\t<a href=\"https:\/\/inmaya.qroo.gob.mx\/index.php\/indice-de-expediente-clasificados\/\" target=\"_blank\">\n\t\t\t\t\t\t\t<img fetchpriority=\"high\" decoding=\"async\" width=\"1020\" height=\"1024\" src=\"https:\/\/inmaya.qroo.gob.mx\/wp-content\/uploads\/2025\/05\/Boton-1020x1024.jpg\" class=\"elementor-animation-grow attachment-large size-large wp-image-36622\" alt=\"\" srcset=\"https:\/\/inmaya.qroo.gob.mx\/wp-content\/uploads\/2025\/05\/Boton-1020x1024.jpg 1020w, https:\/\/inmaya.qroo.gob.mx\/wp-content\/uploads\/2025\/05\/Boton-300x300.jpg 300w, https:\/\/inmaya.qroo.gob.mx\/wp-content\/uploads\/2025\/05\/Boton-150x150.jpg 150w, https:\/\/inmaya.qroo.gob.mx\/wp-content\/uploads\/2025\/05\/Boton-768x771.jpg 768w, https:\/\/inmaya.qroo.gob.mx\/wp-content\/uploads\/2025\/05\/Boton-1530x1536.jpg 1530w, https:\/\/inmaya.qroo.gob.mx\/wp-content\/uploads\/2025\/05\/Boton-2040x2048.jpg 2040w\" sizes=\"(max-width: 1020px) 100vw, 1020px\" \/>\t\t\t\t\t\t\t\t<\/a>\n\t\t\t\t\t\t\t\t\t\t\t\t\t\t\t<\/div>\n\t\t\t\t<\/div>\n\t\t\t\t<div class=\"elementor-element elementor-element-0d43553 elementor-widget elementor-widget-image\" data-id=\"0d43553\" data-element_type=\"widget\" data-widget_type=\"image.default\">\n\t\t\t\t<div class=\"elementor-widget-container\">\n\t\t\t\t\t\t\t\t\t\t\t\t\t\t\t\t<a href=\"https:\/\/inmaya.qroo.gob.mx\/index.php\/derechos-y-avisos-de-privacidad\/\" target=\"_blank\">\n\t\t\t\t\t\t\t<img decoding=\"async\" width=\"1020\" height=\"1024\" src=\"https:\/\/inmaya.qroo.gob.mx\/wp-content\/uploads\/2025\/05\/Boton2-1020x1024.jpg\" class=\"elementor-animation-grow attachment-large size-large wp-image-36627\" alt=\"\" srcset=\"https:\/\/inmaya.qroo.gob.mx\/wp-content\/uploads\/2025\/05\/Boton2-1020x1024.jpg 1020w, https:\/\/inmaya.qroo.gob.mx\/wp-content\/uploads\/2025\/05\/Boton2-300x300.jpg 300w, https:\/\/inmaya.qroo.gob.mx\/wp-content\/uploads\/2025\/05\/Boton2-150x150.jpg 150w, https:\/\/inmaya.qroo.gob.mx\/wp-content\/uploads\/2025\/05\/Boton2-768x771.jpg 768w, https:\/\/inmaya.qroo.gob.mx\/wp-content\/uploads\/2025\/05\/Boton2-1530x1536.jpg 1530w, https:\/\/inmaya.qroo.gob.mx\/wp-content\/uploads\/2025\/05\/Boton2-2040x2048.jpg 2040w\" sizes=\"(max-width: 1020px) 100vw, 1020px\" \/>\t\t\t\t\t\t\t\t<\/a>\n\t\t\t\t\t\t\t\t\t\t\t\t\t\t\t<\/div>\n\t\t\t\t<\/div>\n\t\t\t\t<\/div>\n\t\t\t\t<\/div>\n\t\t<div class=\"elementor-element elementor-element-e404f82 e-flex e-con-boxed e-con e-parent\" data-id=\"e404f82\" data-element_type=\"container\">\n\t\t\t\t\t<div class=\"e-con-inner\">\n\t\t\t\t<div class=\"elementor-element elementor-element-b809609 elementor-widget elementor-widget-spacer\" data-id=\"b809609\" data-element_type=\"widget\" data-widget_type=\"spacer.default\">\n\t\t\t\t<div class=\"elementor-widget-container\">\n\t\t\t\t\t\t\t<div class=\"elementor-spacer\">\n\t\t\t<div class=\"elementor-spacer-inner\"><\/div>\n\t\t<\/div>\n\t\t\t\t\t\t<\/div>\n\t\t\t\t<\/div>\n\t\t\t\t\t<\/div>\n\t\t\t\t<\/div>\n\t\t<div class=\"elementor-element elementor-element-703d8d4 e-flex e-con-boxed e-con e-parent\" data-id=\"703d8d4\" data-element_type=\"container\">\n\t\t\t\t\t<div class=\"e-con-inner\">\n\t\t<div class=\"elementor-element elementor-element-6fcd786 e-grid e-con-full e-con e-child\" data-id=\"6fcd786\" data-element_type=\"container\">\n\t\t\t\t<div class=\"elementor-element elementor-element-54a2902 elementor-widget elementor-widget-image\" data-id=\"54a2902\" data-element_type=\"widget\" data-widget_type=\"image.default\">\n\t\t\t\t<div class=\"elementor-widget-container\">\n\t\t\t\t\t\t\t\t\t\t\t\t\t\t\t\t<a href=\"https:\/\/inmaya.qroo.gob.mx\/index.php\/peticiones-opiniones-quejas-denuncias-o-sug\/\" target=\"_blank\">\n\t\t\t\t\t\t\t<img decoding=\"async\" width=\"1020\" height=\"1024\" src=\"https:\/\/inmaya.qroo.gob.mx\/wp-content\/uploads\/2025\/07\/Boton3-1020x1024.jpg\" class=\"elementor-animation-grow attachment-large size-large wp-image-36748\" alt=\"\" srcset=\"https:\/\/inmaya.qroo.gob.mx\/wp-content\/uploads\/2025\/07\/Boton3-1020x1024.jpg 1020w, https:\/\/inmaya.qroo.gob.mx\/wp-content\/uploads\/2025\/07\/Boton3-300x300.jpg 300w, https:\/\/inmaya.qroo.gob.mx\/wp-content\/uploads\/2025\/07\/Boton3-150x150.jpg 150w, https:\/\/inmaya.qroo.gob.mx\/wp-content\/uploads\/2025\/07\/Boton3-768x771.jpg 768w, https:\/\/inmaya.qroo.gob.mx\/wp-content\/uploads\/2025\/07\/Boton3-1530x1536.jpg 1530w, https:\/\/inmaya.qroo.gob.mx\/wp-content\/uploads\/2025\/07\/Boton3-2040x2048.jpg 2040w\" sizes=\"(max-width: 1020px) 100vw, 1020px\" \/>\t\t\t\t\t\t\t\t<\/a>\n\t\t\t\t\t\t\t\t\t\t\t\t\t\t\t<\/div>\n\t\t\t\t<\/div>\n\t\t\t\t<div class=\"elementor-element elementor-element-f4950f9 elementor-widget elementor-widget-image\" data-id=\"f4950f9\" data-element_type=\"widget\" data-widget_type=\"image.default\">\n\t\t\t\t<div class=\"elementor-widget-container\">\n\t\t\t\t\t\t\t\t\t\t\t\t\t\t\t\t<a href=\"https:\/\/inmaya.qroo.gob.mx\/index.php\/sample-page\/\" target=\"_blank\">\n\t\t\t\t\t\t\t<img loading=\"lazy\" decoding=\"async\" width=\"1024\" height=\"1024\" src=\"https:\/\/inmaya.qroo.gob.mx\/wp-content\/uploads\/2025\/09\/COEPCI-1024x1024.jpg\" class=\"elementor-animation-grow attachment-large size-large wp-image-36986\" alt=\"\" srcset=\"https:\/\/inmaya.qroo.gob.mx\/wp-content\/uploads\/2025\/09\/COEPCI-1024x1024.jpg 1024w, https:\/\/inmaya.qroo.gob.mx\/wp-content\/uploads\/2025\/09\/COEPCI-300x300.jpg 300w, https:\/\/inmaya.qroo.gob.mx\/wp-content\/uploads\/2025\/09\/COEPCI-150x150.jpg 150w, https:\/\/inmaya.qroo.gob.mx\/wp-content\/uploads\/2025\/09\/COEPCI-768x768.jpg 768w, https:\/\/inmaya.qroo.gob.mx\/wp-content\/uploads\/2025\/09\/COEPCI.jpg 1080w\" sizes=\"(max-width: 1024px) 100vw, 1024px\" \/>\t\t\t\t\t\t\t\t<\/a>\n\t\t\t\t\t\t\t\t\t\t\t\t\t\t\t<\/div>\n\t\t\t\t<\/div>\n\t\t\t\t<\/div>\n\t\t\t\t\t<\/div>\n\t\t\t\t<\/div>\n\t\t<div class=\"elementor-element elementor-element-1d762b6 e-flex e-con-boxed e-con e-parent\" data-id=\"1d762b6\" data-element_type=\"container\">\n\t\t\t\t\t<div class=\"e-con-inner\">\n\t\t\t\t\t<\/div>\n\t\t\t\t<\/div>\n\t\t<div class=\"elementor-element elementor-element-2c57a32 e-con-full e-flex e-con e-parent\" data-id=\"2c57a32\" data-element_type=\"container\">\n\t\t<div class=\"elementor-element elementor-element-d1c0a2b e-grid e-con-full e-con e-child\" data-id=\"d1c0a2b\" data-element_type=\"container\">\n\t\t\t\t<div class=\"elementor-element elementor-element-1ca1f4c elementor-widget elementor-widget-image\" data-id=\"1ca1f4c\" data-element_type=\"widget\" data-widget_type=\"image.default\">\n\t\t\t\t<div class=\"elementor-widget-container\">\n\t\t\t\t\t\t\t\t\t\t\t\t\t\t\t\t<a href=\"https:\/\/inmaya.qroo.gob.mx\/index.php\/obligaciones-de-transparencia\/\" target=\"_blank\">\n\t\t\t\t\t\t\t<img loading=\"lazy\" decoding=\"async\" width=\"768\" height=\"771\" src=\"https:\/\/inmaya.qroo.gob.mx\/wp-content\/uploads\/2026\/03\/Boton-768x771.jpg\" class=\"elementor-animation-grow attachment-medium_large size-medium_large wp-image-37498\" alt=\"\" srcset=\"https:\/\/inmaya.qroo.gob.mx\/wp-content\/uploads\/2026\/03\/Boton-768x771.jpg 768w, https:\/\/inmaya.qroo.gob.mx\/wp-content\/uploads\/2026\/03\/Boton-300x300.jpg 300w, https:\/\/inmaya.qroo.gob.mx\/wp-content\/uploads\/2026\/03\/Boton-1020x1024.jpg 1020w, https:\/\/inmaya.qroo.gob.mx\/wp-content\/uploads\/2026\/03\/Boton-150x150.jpg 150w, https:\/\/inmaya.qroo.gob.mx\/wp-content\/uploads\/2026\/03\/Boton-1530x1536.jpg 1530w, https:\/\/inmaya.qroo.gob.mx\/wp-content\/uploads\/2026\/03\/Boton-2040x2048.jpg 2040w\" sizes=\"(max-width: 768px) 100vw, 768px\" \/>\t\t\t\t\t\t\t\t<\/a>\n\t\t\t\t\t\t\t\t\t\t\t\t\t\t\t<\/div>\n\t\t\t\t<\/div>\n\t\t\t\t<\/div>\n\t\t\t\t<\/div>\n\t\t<div class=\"elementor-element elementor-element-07126c9 e-con-full e-flex e-con e-parent\" data-id=\"07126c9\" data-element_type=\"container\">\n\t\t\t\t<div class=\"elementor-element elementor-element-fb58142 elementor-widget__width-auto elementor-widget elementor-widget-spacer\" data-id=\"fb58142\" data-element_type=\"widget\" data-widget_type=\"spacer.default\">\n\t\t\t\t<div class=\"elementor-widget-container\">\n\t\t\t\t\t\t\t<div class=\"elementor-spacer\">\n\t\t\t<div class=\"elementor-spacer-inner\"><\/div>\n\t\t<\/div>\n\t\t\t\t\t\t<\/div>\n\t\t\t\t<\/div>\n\t\t\t\t<\/div>\n\t\t\t\t<\/div>\n\t\t","protected":false},"excerpt":{"rendered":"<p>Direcci\u00f3n de Derechos Ind\u00edgenas, Atenci\u00f3n Jur\u00eddica, Unidad de Transparencia, Acceso a la Informaci\u00f3n P\u00fablica y Protecci\u00f3n de Datos Personales<\/p>\n","protected":false},"author":4,"featured_media":0,"parent":0,"menu_order":0,"comment_status":"closed","ping_status":"closed","template":"","meta":{"footnotes":""},"class_list":["post-36620","page","type-page","status-publish"],"yoast_head":"<!-- This site is optimized with the Yoast SEO plugin v25.3 - https:\/\/yoast.com\/wordpress\/plugins\/seo\/ -->\n<title>Direccion Juridica - INMAYA<\/title>\n<meta name=\"robots\" content=\"index, follow, max-snippet:-1, max-image-preview:large, max-video-preview:-1\" \/>\n<link rel=\"canonical\" href=\"https:\/\/inmaya.qroo.gob.mx\/index.php\/elementor-36620\/\" \/>\n<meta property=\"og:locale\" content=\"es_MX\" \/>\n<meta property=\"og:type\" content=\"article\" \/>\n<meta property=\"og:title\" content=\"Direccion Juridica - INMAYA\" \/>\n<meta property=\"og:description\" content=\"Direcci\u00f3n de Derechos Ind\u00edgenas, Atenci\u00f3n Jur\u00eddica, Unidad de Transparencia, Acceso a la Informaci\u00f3n P\u00fablica y Protecci\u00f3n de Datos Personales\" \/>\n<meta property=\"og:url\" content=\"https:\/\/inmaya.qroo.gob.mx\/index.php\/elementor-36620\/\" \/>\n<meta property=\"og:site_name\" content=\"INMAYA\" \/>\n<meta property=\"article:modified_time\" content=\"2026-03-30T23:09:14+00:00\" \/>\n<meta property=\"og:image\" content=\"https:\/\/inmaya.qroo.gob.mx\/wp-content\/uploads\/2025\/05\/Boton-1020x1024.jpg\" \/>\n\t<meta property=\"og:image:width\" content=\"1020\" \/>\n\t<meta property=\"og:image:height\" content=\"1024\" \/>\n\t<meta property=\"og:image:type\" content=\"image\/jpeg\" \/>\n<meta name=\"twitter:card\" content=\"summary_large_image\" \/>\n<meta name=\"twitter:label1\" content=\"Tiempo de lectura\" \/>\n\t<meta name=\"twitter:data1\" content=\"2 minutos\" \/>\n<script type=\"application\/ld+json\" class=\"yoast-schema-graph\">{\"@context\":\"https:\/\/schema.org\",\"@graph\":[{\"@type\":\"WebPage\",\"@id\":\"https:\/\/inmaya.qroo.gob.mx\/index.php\/elementor-36620\/\",\"url\":\"https:\/\/inmaya.qroo.gob.mx\/index.php\/elementor-36620\/\",\"name\":\"Direccion Juridica - INMAYA\",\"isPartOf\":{\"@id\":\"https:\/\/inmaya.qroo.gob.mx\/#website\"},\"primaryImageOfPage\":{\"@id\":\"https:\/\/inmaya.qroo.gob.mx\/index.php\/elementor-36620\/#primaryimage\"},\"image\":{\"@id\":\"https:\/\/inmaya.qroo.gob.mx\/index.php\/elementor-36620\/#primaryimage\"},\"thumbnailUrl\":\"https:\/\/inmaya.qroo.gob.mx\/wp-content\/uploads\/2025\/05\/Boton-1020x1024.jpg\",\"datePublished\":\"2025-05-16T17:24:10+00:00\",\"dateModified\":\"2026-03-30T23:09:14+00:00\",\"breadcrumb\":{\"@id\":\"https:\/\/inmaya.qroo.gob.mx\/index.php\/elementor-36620\/#breadcrumb\"},\"inLanguage\":\"es\",\"potentialAction\":[{\"@type\":\"ReadAction\",\"target\":[\"https:\/\/inmaya.qroo.gob.mx\/index.php\/elementor-36620\/\"]}]},{\"@type\":\"ImageObject\",\"inLanguage\":\"es\",\"@id\":\"https:\/\/inmaya.qroo.gob.mx\/index.php\/elementor-36620\/#primaryimage\",\"url\":\"https:\/\/inmaya.qroo.gob.mx\/wp-content\/uploads\/2025\/05\/Boton.jpg\",\"contentUrl\":\"https:\/\/inmaya.qroo.gob.mx\/wp-content\/uploads\/2025\/05\/Boton.jpg\",\"width\":2234,\"height\":2243},{\"@type\":\"BreadcrumbList\",\"@id\":\"https:\/\/inmaya.qroo.gob.mx\/index.php\/elementor-36620\/#breadcrumb\",\"itemListElement\":[{\"@type\":\"ListItem\",\"position\":1,\"name\":\"Inicio\",\"item\":\"https:\/\/inmaya.qroo.gob.mx\/\"},{\"@type\":\"ListItem\",\"position\":2,\"name\":\"Direccion Juridica\"}]},{\"@type\":\"WebSite\",\"@id\":\"https:\/\/inmaya.qroo.gob.mx\/#website\",\"url\":\"https:\/\/inmaya.qroo.gob.mx\/\",\"name\":\"INMAYA\",\"description\":\"Instituto para el Desarrollo del Pueblo Maya y las Comunidades Ind\u00edgenas del Estado de Quintana Roo\",\"publisher\":{\"@id\":\"https:\/\/inmaya.qroo.gob.mx\/#organization\"},\"potentialAction\":[{\"@type\":\"SearchAction\",\"target\":{\"@type\":\"EntryPoint\",\"urlTemplate\":\"https:\/\/inmaya.qroo.gob.mx\/?s={search_term_string}\"},\"query-input\":{\"@type\":\"PropertyValueSpecification\",\"valueRequired\":true,\"valueName\":\"search_term_string\"}}],\"inLanguage\":\"es\"},{\"@type\":\"Organization\",\"@id\":\"https:\/\/inmaya.qroo.gob.mx\/#organization\",\"name\":\"INMAYA\",\"url\":\"https:\/\/inmaya.qroo.gob.mx\/\",\"logo\":{\"@type\":\"ImageObject\",\"inLanguage\":\"es\",\"@id\":\"https:\/\/inmaya.qroo.gob.mx\/#\/schema\/logo\/image\/\",\"url\":\"https:\/\/inmaya.qroo.gob.mx\/wp-content\/uploads\/2024\/03\/logo-de-gobierno.png\",\"contentUrl\":\"https:\/\/inmaya.qroo.gob.mx\/wp-content\/uploads\/2024\/03\/logo-de-gobierno.png\",\"width\":1876,\"height\":596,\"caption\":\"INMAYA\"},\"image\":{\"@id\":\"https:\/\/inmaya.qroo.gob.mx\/#\/schema\/logo\/image\/\"}}]}<\/script>\n<!-- \/ Yoast SEO plugin. -->","yoast_head_json":{"title":"Direccion Juridica - INMAYA","robots":{"index":"index","follow":"follow","max-snippet":"max-snippet:-1","max-image-preview":"max-image-preview:large","max-video-preview":"max-video-preview:-1"},"canonical":"https:\/\/inmaya.qroo.gob.mx\/index.php\/elementor-36620\/","og_locale":"es_MX","og_type":"article","og_title":"Direccion Juridica - INMAYA","og_description":"Direcci\u00f3n de Derechos Ind\u00edgenas, Atenci\u00f3n Jur\u00eddica, Unidad de Transparencia, Acceso a la Informaci\u00f3n P\u00fablica y Protecci\u00f3n de Datos Personales","og_url":"https:\/\/inmaya.qroo.gob.mx\/index.php\/elementor-36620\/","og_site_name":"INMAYA","article_modified_time":"2026-03-30T23:09:14+00:00","og_image":[{"width":1020,"height":1024,"url":"https:\/\/inmaya.qroo.gob.mx\/wp-content\/uploads\/2025\/05\/Boton-1020x1024.jpg","type":"image\/jpeg"}],"twitter_card":"summary_large_image","twitter_misc":{"Tiempo de lectura":"2 minutos"},"schema":{"@context":"https:\/\/schema.org","@graph":[{"@type":"WebPage","@id":"https:\/\/inmaya.qroo.gob.mx\/index.php\/elementor-36620\/","url":"https:\/\/inmaya.qroo.gob.mx\/index.php\/elementor-36620\/","name":"Direccion Juridica - INMAYA","isPartOf":{"@id":"https:\/\/inmaya.qroo.gob.mx\/#website"},"primaryImageOfPage":{"@id":"https:\/\/inmaya.qroo.gob.mx\/index.php\/elementor-36620\/#primaryimage"},"image":{"@id":"https:\/\/inmaya.qroo.gob.mx\/index.php\/elementor-36620\/#primaryimage"},"thumbnailUrl":"https:\/\/inmaya.qroo.gob.mx\/wp-content\/uploads\/2025\/05\/Boton-1020x1024.jpg","datePublished":"2025-05-16T17:24:10+00:00","dateModified":"2026-03-30T23:09:14+00:00","breadcrumb":{"@id":"https:\/\/inmaya.qroo.gob.mx\/index.php\/elementor-36620\/#breadcrumb"},"inLanguage":"es","potentialAction":[{"@type":"ReadAction","target":["https:\/\/inmaya.qroo.gob.mx\/index.php\/elementor-36620\/"]}]},{"@type":"ImageObject","inLanguage":"es","@id":"https:\/\/inmaya.qroo.gob.mx\/index.php\/elementor-36620\/#primaryimage","url":"https:\/\/inmaya.qroo.gob.mx\/wp-content\/uploads\/2025\/05\/Boton.jpg","contentUrl":"https:\/\/inmaya.qroo.gob.mx\/wp-content\/uploads\/2025\/05\/Boton.jpg","width":2234,"height":2243},{"@type":"BreadcrumbList","@id":"https:\/\/inmaya.qroo.gob.mx\/index.php\/elementor-36620\/#breadcrumb","itemListElement":[{"@type":"ListItem","position":1,"name":"Inicio","item":"https:\/\/inmaya.qroo.gob.mx\/"},{"@type":"ListItem","position":2,"name":"Direccion Juridica"}]},{"@type":"WebSite","@id":"https:\/\/inmaya.qroo.gob.mx\/#website","url":"https:\/\/inmaya.qroo.gob.mx\/","name":"INMAYA","description":"Instituto para el Desarrollo del Pueblo Maya y las Comunidades Ind\u00edgenas del Estado de Quintana Roo","publisher":{"@id":"https:\/\/inmaya.qroo.gob.mx\/#organization"},"potentialAction":[{"@type":"SearchAction","target":{"@type":"EntryPoint","urlTemplate":"https:\/\/inmaya.qroo.gob.mx\/?s={search_term_string}"},"query-input":{"@type":"PropertyValueSpecification","valueRequired":true,"valueName":"search_term_string"}}],"inLanguage":"es"},{"@type":"Organization","@id":"https:\/\/inmaya.qroo.gob.mx\/#organization","name":"INMAYA","url":"https:\/\/inmaya.qroo.gob.mx\/","logo":{"@type":"ImageObject","inLanguage":"es","@id":"https:\/\/inmaya.qroo.gob.mx\/#\/schema\/logo\/image\/","url":"https:\/\/inmaya.qroo.gob.mx\/wp-content\/uploads\/2024\/03\/logo-de-gobierno.png","contentUrl":"https:\/\/inmaya.qroo.gob.mx\/wp-content\/uploads\/2024\/03\/logo-de-gobierno.png","width":1876,"height":596,"caption":"INMAYA"},"image":{"@id":"https:\/\/inmaya.qroo.gob.mx\/#\/schema\/logo\/image\/"}}]}},"_links":{"self":[{"href":"https:\/\/inmaya.qroo.gob.mx\/index.php\/wp-json\/wp\/v2\/pages\/36620","targetHints":{"allow":["GET"]}}],"collection":[{"href":"https:\/\/inmaya.qroo.gob.mx\/index.php\/wp-json\/wp\/v2\/pages"}],"about":[{"href":"https:\/\/inmaya.qroo.gob.mx\/index.php\/wp-json\/wp\/v2\/types\/page"}],"author":[{"embeddable":true,"href":"https:\/\/inmaya.qroo.gob.mx\/index.php\/wp-json\/wp\/v2\/users\/4"}],"replies":[{"embeddable":true,"href":"https:\/\/inmaya.qroo.gob.mx\/index.php\/wp-json\/wp\/v2\/comments?post=36620"}],"version-history":[{"count":46,"href":"https:\/\/inmaya.qroo.gob.mx\/index.php\/wp-json\/wp\/v2\/pages\/36620\/revisions"}],"predecessor-version":[{"id":37530,"href":"https:\/\/inmaya.qroo.gob.mx\/index.php\/wp-json\/wp\/v2\/pages\/36620\/revisions\/37530"}],"wp:attachment":[{"href":"https:\/\/inmaya.qroo.gob.mx\/index.php\/wp-json\/wp\/v2\/media?parent=36620"}],"curies":[{"name":"wp","href":"https:\/\/api.w.org\/{rel}","templated":true}]}}